{"id":1017,"date":"2021-09-20T17:09:08","date_gmt":"2021-09-20T15:09:08","guid":{"rendered":"https:\/\/www.active-sound.shop\/?page_id=1017"},"modified":"2021-09-29T15:06:51","modified_gmt":"2021-09-29T13:06:51","slug":"impressum","status":"publish","type":"page","link":"https:\/\/www.active-sound.shop\/?page_id=1017","title":{"rendered":"Impressum"},"content":{"rendered":"<p><strong>Media-CarTec GmbH\u00a0<\/strong><br \/>\nGerichtsstand: Seligenstadt<br \/>\nHRB: 43281<br \/>\nUst-IDNr.: DE 258360606<\/p>\n<p>Jahnstra\u00dfe 27<br \/>\n63533 Mainhausen<\/p>\n<p>Tel: +49 (0) 6182 \u2013 89 59 781<\/p>\n<p>Gesch\u00e4ftsf\u00fchrer<br \/>\nPatrick Schart<\/p>\n<p>Bankverbindung<\/p>\n<p>Name: Maxhaust Media-CarTec<br \/>\nIBAN: DE10 5095 0068 0002 1490 94<br \/>\nBIC: HELADEF1BEN<br \/>\nBank: Sparkasse Bensheim<\/p>\n<p>&nbsp;<\/p>\n<p>Die EU-Kommission stellt eine Plattform f\u00fcr au\u00dfergerichtliche Streitschlichtung bereit. Verbrauchern gibt dies die M\u00f6glichkeit, Streitigkeiten im Zusammenhang mit Ihrer Online- Bestellung zun\u00e4chst ohne die Einschaltung eines Gerichts zu kl\u00e4ren. Die Streitbeilegungsplattform ist unter dem externen Link\u00a0<a href=\"http:\/\/ec.europa.eu\/consumers\/odr\/\" rel=\"nofollow\">http:\/\/ec.europa.eu\/consumers\/odr\/<\/a>\u00a0erreichbar. In diesem Zusammenhang sind wir gesetzlich verpflichtet, Sie auf unsere E-Mail-Adresse: support@maxhaust.de\u00a0aufmerksam zu machen.<\/p>\n<div class=\"page\" title=\"Page 7\">\n<div class=\"layoutArea\">\n<div class=\"column\">\n<p>Im \u00dcbrigen sind wir nicht bereit oder\u00a0verpflichtet an einer Schlichtung teilzunehmen.<\/p>\n<p>&nbsp;<\/p>\n<\/div>\n<\/div>\n<\/div>\n<h3>Haftungsausschluss und Copyright<\/h3>\n<p>&nbsp;<\/p>\n<h4>1. Inhalt des Onlineangebotes<\/h4>\n<p>Media-CarTec GmbH \u00fcbernimmt keinerlei Gew\u00e4hr f\u00fcr die Aktualit\u00e4t, Korrektheit, Vollst\u00e4ndigkeit oder Qualit\u00e4t der bereit gestellten Informationen. Haftungsanspr\u00fcche gegen Media-CarTec GmbH, welche sich auf Sch\u00e4den materieller oder ideeller Art beziehen, die durch die Nutzung oder Nichtnutzung der dargebotenen Informationen bzw. durch die Nutzung fehlerhafter und unvollst\u00e4ndiger Informationen verursacht wurden, sind grunds\u00e4tzlich ausgeschlossen, sofern seitens Media-CarTec GmbH kein nachweislich vors\u00e4tzliches oder grob fahrl\u00e4ssiges Verschulden vorliegt. Alle Angebote sind freibleibend und unverbindlich. Media-CarTec GmbH beh\u00e4lt es sich ausdr\u00fccklich vor, Teile der Seiten oder das gesamte Angebot ohne gesonderte Ank\u00fcndigung zu ver\u00e4ndern, zu erg\u00e4nzen, zu l\u00f6schen oder die Ver\u00f6ffentlichung zeitweise oder endg\u00fcltig einzustellen.<\/p>\n<h4>2. Verweise und Links<\/h4>\n<p>Bei direkten oder indirekten Verweisen auf fremde Internetseiten ,<br \/>\ndie au\u00dferhalb des Verantwortungsbereiches von Media-CarTec GmbH liegen, w\u00fcrde eine Haftungsverpflichtung ausschlie\u00dflich in dem Fall in Kraft treten, in dem Media-CarTec GmbH von den Inhalten Kenntnis hat und es Media-CarTec GmbH technisch m\u00f6glich und zumutbar w\u00e4re, die Nutzung im Falle rechtswidriger Inhalte zu verhindern. Media-CarTec GmbH erkl\u00e4rt daher ausdr\u00fccklich, dass zum Zeitpunkt der Linksetzung die entsprechenden verlinkten Seiten frei von illegalen Inhalten waren. Media-CarTec GmbH hat keinerlei Einfluss auf die aktuelle und zuk\u00fcnftige Gestaltung und auf die Inhalte der gelinkten\/verkn\u00fcpften Seiten. Deshalb distanziert Media-CarTec GmbH sich hiermit ausdr\u00fccklich von allen Inhalten aller gelinkten \/verkn\u00fcpften Seiten, die nach der Linksetzung ver\u00e4ndert wurden. Diese Feststellung gilt f\u00fcr alle innerhalb des eigenen Internetangebotes gesetzten Links und Verweise sowie f\u00fcr Fremdeintr\u00e4ge in von Media-CarTec GmbH eingerichteten G\u00e4steb\u00fcchern, Diskussionsforen und Mailinglisten. F\u00fcr illegale, fehlerhafte oder unvollst\u00e4ndige Inhalte und insbesondere f\u00fcr Sch\u00e4den, die aus der Nutzung oder Nichtnutzung solcherart dargebotener Informationen entstehen, haftet allein der Anbieter der Seite, auf welche erwiesen wurde, nicht derjenige, der \u00fcber Links auf die jeweilige Ver\u00f6ffentlichung lediglich verweist.<\/p>\n<h4>3. Urheber- und Kennzeichenrecht<\/h4>\n<p>Media-CarTec GmbH ist bestrebt, in allen Publikationen die Urheberrechte der verwendeten Grafiken und Texte zu beachten, von ihm selbst erstellte Grafiken und Texte zu nutzen oder auf lizenzfreie Grafiken und Texte zur\u00fcckzugreifen. Alle innerhalb des Internetangebotes genannten und ggf. durch Dritte gesch\u00fctzten Marken- und Warenzeichen unterliegen uneingeschr\u00e4nkt den Bestimmungen des jeweils g\u00fcltigen Kennzeichenrechts und den Besitzrechten der jeweiligen eingetragenen Eigent\u00fcmer. Allein aufgrund der blo\u00dfen Nennung ist nicht der Schluss zu ziehen, dass Markenzeichen nicht durch Rechte Dritter gesch\u00fctzt sind! Das Copyright f\u00fcr ver\u00f6ffentlichte, von Media-CarTec GmbH selbst erstellte Objekte bleibt allein beim Autor der Seiten. Eine Vervielf\u00e4ltigung oder Verwendung solcher Grafiken und Texte in anderen elektronischen oder gedruckten Publikationen ist ohne ausdr\u00fcckliche Zustimmung von Media-CarTec GmbH nicht gestattet und wird strafrechtlich geahndet.<\/p>\n<h4><\/h4>\n<p>Impressum und Angaben nach \u00a7 6 Teledienstegesetz<\/p>\n<p>&nbsp;<\/p>\n<p>Credits:<br \/>\n<a rel=\"nofollow\" href='https:\/\/de.freepik.com\/vektoren\/technologie'>Technologie Vektor erstellt von starline &#8211; de.freepik.com<\/a><br \/>\n<a rel=\"nofollow\" href='https:\/\/de.freepik.com\/fotos\/geschaeft'>Gesch\u00e4ft Foto erstellt von natanaelginting &#8211; de.freepik.com<\/a><\/p>\n","protected":false},"excerpt":{"rendered":"<p>Media-CarTec GmbH\u00a0 Gerichtsstand: Seligenstadt HRB: 43281 Ust-IDNr.: DE 258360606 Jahnstra\u00dfe 27 63533 Mainhausen Tel: +49 (0) 6182 \u2013 89 59 781 Gesch\u00e4ftsf\u00fchrer Patrick Schart Bankverbindung Name: Maxhaust Media-CarTec IBAN: DE10 5095 0068 0002 1490 94 BIC: HELADEF1BEN Bank: Sparkasse Bensheim &nbsp; Die EU-Kommission stellt eine Plattform f\u00fcr au\u00dfergerichtliche Streitschlichtung bereit. Verbrauchern gibt dies die M\u00f6glichkeit, [&hellip;]<\/p>\n","protected":false},"author":1,"featured_media":0,"parent":0,"menu_order":0,"comment_status":"closed","ping_status":"closed","template":"","meta":{"footnotes":""},"class_list":["post-1017","page","type-page","status-publish","hentry"],"_links":{"self":[{"href":"https:\/\/www.active-sound.shop\/index.php?rest_route=\/wp\/v2\/pages\/1017","targetHints":{"allow":["GET"]}}],"collection":[{"href":"https:\/\/www.active-sound.shop\/index.php?rest_route=\/wp\/v2\/pages"}],"about":[{"href":"https:\/\/www.active-sound.shop\/index.php?rest_route=\/wp\/v2\/types\/page"}],"author":[{"embeddable":true,"href":"https:\/\/www.active-sound.shop\/index.php?rest_route=\/wp\/v2\/users\/1"}],"replies":[{"embeddable":true,"href":"https:\/\/www.active-sound.shop\/index.php?rest_route=%2Fwp%2Fv2%2Fcomments&post=1017"}],"version-history":[{"count":0,"href":"https:\/\/www.active-sound.shop\/index.php?rest_route=\/wp\/v2\/pages\/1017\/revisions"}],"wp:attachment":[{"href":"https:\/\/www.active-sound.shop\/index.php?rest_route=%2Fwp%2Fv2%2Fmedia&parent=1017"}],"curies":[{"name":"wp","href":"https:\/\/api.w.org\/{rel}","templated":true}]}}